{"id":621,"date":"2023-02-01T15:00:07","date_gmt":"2023-02-01T14:00:07","guid":{"rendered":"https:\/\/esperanto-jeunes.org\/?page_id=621"},"modified":"2024-01-24T11:24:29","modified_gmt":"2024-01-24T10:24:29","slug":"flyers","status":"publish","type":"page","link":"https:\/\/esperanto-jeunes.org\/fr\/flyers\/","title":{"rendered":"D\u00e9pliants \u00e0 t\u00e9l\u00e9charger"},"content":{"rendered":"<p><span style=\"color: #004e96;\">Vous voulez pr\u00e9senter l&#8217;esp\u00e9ranto \u00e0 vos proches mais vous n&#8217;avez pas beaucoup de temps et ne savez pas par o\u00f9 commencer ? Commencez par ici !<\/span> L&#8217;Organisation mondiale des jeunes esp\u00e9rantophones (<span style=\"color: #d71920;\"><a style=\"color: #d71920;\" href=\"http:\/\/tejo.org\" target=\"_blank\" rel=\"noopener\">TEJO<\/a><\/span>) a cr\u00e9\u00e9 des prospectus et d\u00e9pliants pr\u00e9cis\u00e9ment dans ce but. Imprimez-les et n&#8217;h\u00e9sitez pas \u00e0 les distribuer ou les afficher autour de vous !<\/p>\n<ul>\n<li><span style=\"color: #d71920;\"><a style=\"color: #d71920;\" href=\"http:\/\/esperanto-jeunes.org\/wp-content\/uploads\/2023\/02\/Une-langue-e\u0301quitable-FR.pdf\" target=\"_blank\" rel=\"noopener\">Une langue \u00e9quitable<\/a><\/span><\/li>\n<li><span style=\"color: #d71920;\"><a style=\"color: #d71920;\" href=\"http:\/\/esperanto-jeunes.org\/wp-content\/uploads\/2023\/02\/Espe\u0301ranto-FR.pdf\" target=\"_blank\" rel=\"noopener\">Esp\u00e9ranto ?<\/a><\/span><\/li>\n<\/ul>\n<p>Vos ami\u00b7e\u00b7s ne parlent qu&#8217;anglais et vous aimeriez les convaincre d&#8217;utiliser l&#8217;esp\u00e9ranto ? Vous pouvez \u00e9galement t\u00e9l\u00e9charger ces documents en anglais. Plus d&#8217;excuse maintenant !<\/p>\n<ul>\n<li><span style=\"color: #d71920;\"><a style=\"color: #d71920;\" href=\"http:\/\/esperanto-jeunes.org\/wp-content\/uploads\/2023\/02\/A-fair-language-EN.pdf\" target=\"_blank\" rel=\"noopener\">A fair language<\/a><\/span><\/li>\n<li><span style=\"color: #d71920;\"><a style=\"color: #d71920;\" href=\"http:\/\/esperanto-jeunes.org\/wp-content\/uploads\/2023\/02\/Esperanto-EN.pdf\" target=\"_blank\" rel=\"noopener\">Esperanto?<\/a><\/span><\/li>\n<\/ul>\n<p><\/p>","protected":false},"excerpt":{"rendered":"<p>Vous voulez pr\u00e9senter l&#8217;esp\u00e9ranto \u00e0 vos proches mais vous n&#8217;avez pas beaucoup de temps et ne savez pas par o\u00f9 commencer ? Commencez par ici ! L&#8217;Organisation mondiale des jeunes esp\u00e9rantophones (TEJO) a cr\u00e9\u00e9 des prospectus et d\u00e9pliants pr\u00e9cis\u00e9ment dans&#8230;<br \/><a class=\"read-more-button\" href=\"https:\/\/esperanto-jeunes.org\/fr\/flyers\/\">Savoir plus<\/a><\/p>\n","protected":false},"author":13,"featured_media":715,"parent":0,"menu_order":0,"comment_status":"closed","ping_status":"closed","template":"","meta":[],"_links":{"self":[{"href":"https:\/\/esperanto-jeunes.org\/fr\/wp-json\/wp\/v2\/pages\/621"}],"collection":[{"href":"https:\/\/esperanto-jeunes.org\/fr\/wp-json\/wp\/v2\/pages"}],"about":[{"href":"https:\/\/esperanto-jeunes.org\/fr\/wp-json\/wp\/v2\/types\/page"}],"author":[{"embeddable":true,"href":"https:\/\/esperanto-jeunes.org\/fr\/wp-json\/wp\/v2\/users\/13"}],"replies":[{"embeddable":true,"href":"https:\/\/esperanto-jeunes.org\/fr\/wp-json\/wp\/v2\/comments?post=621"}],"version-history":[{"count":9,"href":"https:\/\/esperanto-jeunes.org\/fr\/wp-json\/wp\/v2\/pages\/621\/revisions"}],"predecessor-version":[{"id":718,"href":"https:\/\/esperanto-jeunes.org\/fr\/wp-json\/wp\/v2\/pages\/621\/revisions\/718"}],"wp:featuredmedia":[{"embeddable":true,"href":"https:\/\/esperanto-jeunes.org\/fr\/wp-json\/wp\/v2\/media\/715"}],"wp:attachment":[{"href":"https:\/\/esperanto-jeunes.org\/fr\/wp-json\/wp\/v2\/media?parent=621"}],"curies":[{"name":"wp","href":"https:\/\/api.w.org\/{rel}","templated":true}]}}