{"id":6,"date":"2015-12-19T21:59:23","date_gmt":"2015-12-19T21:59:23","guid":{"rendered":"http:\/\/nova.esperanto-jeunes.org\/?page_id=6"},"modified":"2022-09-27T12:22:32","modified_gmt":"2022-09-27T11:22:32","slug":"lingvo","status":"publish","type":"page","link":"https:\/\/esperanto-jeunes.org\/fr\/esperanto\/lingvo\/","title":{"rendered":"La langue"},"content":{"rendered":"<p>L\u2019Esp\u00e9ranto est une langue construite. C\u2019est en 1887 que le docteur <a href=\"http:\/\/zamenhof.info\/fr\/\">L. L. Zamenhof<\/a>, a publi\u00e9 sa premi\u00e8re brochure o\u00f9 il expose les bases de la langue sous le pseudonyme de <em>Doktoro Esperanto<\/em>.<\/p>\n<p>Pour en savoir un peu sur les d\u00e9buts de l&#8217;esp\u00e9ranto, voir par ici : <a href=\"https:\/\/esperanto-jeunes.org\/fr\/bulonj\/\">D\u00e9claration de Boulogne et le Fundamento<\/a>.<\/p>\n<p>Depuis ses d\u00e9buts, l\u2019Esp\u00e9ranto a \u00e9volu\u00e9, une litt\u00e9rature originale et traduite est apparue.<\/p>\n<p>L\u2019esp\u00e9ranto est aujourd\u2019hui parl\u00e9 dans environ 120 pays. Il est diversement utilis\u00e9 pour :<\/p>\n<ul class=\"spip\">\n<li><strong>Voyager<\/strong>, il peut \u00eatre utilis\u00e9 pour rencontrer des esp\u00e9rantophones \u00e9tranger et \u00eatre accueilli gr\u00e2ce \u00e0 un r\u00e9seau mondial d\u2019h\u00e9bergeurs parlant l\u2019esp\u00e9ranto\u00a0;<\/li>\n<li>Participer \u00e0 des <strong>festivals culturels<\/strong>, des <strong>congr\u00e8s<\/strong> esp\u00e9rantophones, et d\u2019autres \u00e9v\u00e9nements\u00a0;<\/li>\n<li>D\u00e9couvrir des <strong>litt\u00e9ratures<\/strong> et <strong>cultures<\/strong> sans passer par le filtre de sa propre langue nationale\u00a0;<\/li>\n<li>Pratiquer diverses passions\u00a0: correspondance internationale, cyclotourisme, philat\u00e9lie, radio-amateurs, discussions sur Internet, etc.<\/li>\n<\/ul>\n<p><strong>Pour en savoir plus<\/strong> sur l\u2019Esp\u00e9ranto, voici quelques liens utiles\u00a0:<\/p>\n<ul class=\"spip\">\n<li>La <a class=\"spip_out\" href=\"http:\/\/fr.wikipedia.org\/wiki\/Esperanto\" rel=\"external\">page Esp\u00e9ranto<\/a> dans l\u2019encyclop\u00e9die libre Wikip\u00e9dia<\/li>\n<\/ul>\n<ul class=\"spip\">\n<li><a class=\"spip_out\" href=\"http:\/\/esperanto.net\/\" rel=\"external\">esperanto.net<\/a>, centre d\u2019informations multilingue<\/li>\n<\/ul>\n<ul class=\"spip\">\n<li><a class=\"spip_out\" href=\"http:\/\/lingvo.info\/fr\/lingvopedia\/esperanto\" rel=\"external\">L&#8217;Esp\u00e9ranto<\/a> sur <a class=\"spip_out\" href=\"http:\/\/lingvo.info\/\" rel=\"external\">lingvo.info<\/a><\/li>\n<\/ul>\n<p>Et voici quelques liens pour des dictionnaires<\/p>\n<ul>\n<li><a href=\"http:\/\/www.reta-vortaro.de\/revo\">Un dictionnaire multinlingue<\/a><\/li>\n<li><a href=\"http:\/\/www.vortaro.net\">Le PIV<\/a> : LE dictionnaire esperanto-esperanto<\/li>\n<\/ul>\n<p><\/p>","protected":false},"excerpt":{"rendered":"<p>L\u2019Esp\u00e9ranto est une langue construite. C\u2019est en 1887 que le docteur L. L. Zamenhof, a publi\u00e9 sa premi\u00e8re brochure o\u00f9 il expose les bases de la langue sous le pseudonyme de Doktoro Esperanto. Pour en savoir un peu sur les&#8230;<br \/><a class=\"read-more-button\" href=\"https:\/\/esperanto-jeunes.org\/fr\/esperanto\/lingvo\/\">Savoir plus<\/a><\/p>\n","protected":false},"author":1,"featured_media":0,"parent":4,"menu_order":0,"comment_status":"closed","ping_status":"closed","template":"","meta":[],"_links":{"self":[{"href":"https:\/\/esperanto-jeunes.org\/fr\/wp-json\/wp\/v2\/pages\/6"}],"collection":[{"href":"https:\/\/esperanto-jeunes.org\/fr\/wp-json\/wp\/v2\/pages"}],"about":[{"href":"https:\/\/esperanto-jeunes.org\/fr\/wp-json\/wp\/v2\/types\/page"}],"author":[{"embeddable":true,"href":"https:\/\/esperanto-jeunes.org\/fr\/wp-json\/wp\/v2\/users\/1"}],"replies":[{"embeddable":true,"href":"https:\/\/esperanto-jeunes.org\/fr\/wp-json\/wp\/v2\/comments?post=6"}],"version-history":[{"count":15,"href":"https:\/\/esperanto-jeunes.org\/fr\/wp-json\/wp\/v2\/pages\/6\/revisions"}],"predecessor-version":[{"id":522,"href":"https:\/\/esperanto-jeunes.org\/fr\/wp-json\/wp\/v2\/pages\/6\/revisions\/522"}],"up":[{"embeddable":true,"href":"https:\/\/esperanto-jeunes.org\/fr\/wp-json\/wp\/v2\/pages\/4"}],"wp:attachment":[{"href":"https:\/\/esperanto-jeunes.org\/fr\/wp-json\/wp\/v2\/media?parent=6"}],"curies":[{"name":"wp","href":"https:\/\/api.w.org\/{rel}","templated":true}]}}