{"id":533,"date":"2022-10-11T10:06:18","date_gmt":"2022-10-11T09:06:18","guid":{"rendered":"https:\/\/esperanto-jeunes.org\/?page_id=533"},"modified":"2023-05-23T18:47:22","modified_gmt":"2023-05-23T17:47:22","slug":"tnt-2022","status":"publish","type":"page","link":"https:\/\/esperanto-jeunes.org\/fr\/esperanto\/tnt-2022\/","title":{"rendered":"Trejnu Novajn Trejnistojn 2022"},"content":{"rendered":"<p><em><strong>Du 17 au 26 juin 2022, Esp\u00e9ranto-Jeunes a organis\u00e9 la formation \u00ab Trejnu Novajn Trejnistojn\u00a0\u00bb (en fran\u00e7ais : Forme de Nouveaux Formateurs) gr\u00e2ce au soutien financier et p\u00e9dagogique du <span style=\"color: #0067a6;\"><a style=\"color: #0067a6;\" href=\"https:\/\/www.coe.int\/fr\/web\/european-youth-foundation\" target=\"_blank\" rel=\"noopener\">Fonds Europ\u00e9en pour la Jeunesse<\/a><\/span>, un \u00e9tablissement du Conseil de l&#8217;Europe, qui encourage et contribue \u00e0 l&#8217;\u00e9laboration des activit\u00e9s europ\u00e9ennes de jeunesse.<\/strong><\/em><\/p>\n<p>&nbsp;<\/p>\n<h2><span style=\"color: #f6931d;\">Projet : \u00ab <span style=\"color: #0067a6;\"><a style=\"color: #0067a6;\" href=\"https:\/\/www.coe.int\/fr\/web\/european-youth-foundation\/campaign2022#{%22123693774%22:[10]}\" target=\"_blank\" rel=\"noopener\">La jeunesse d\u00e9mocratise l&#8217;Europe<\/a><\/span> \u00bb<\/span><\/h2>\n<p>Ce projet s&#8217;inscrit dans le cadre de l&#8217;appel sp\u00e9cial de la campagne \u00ab <span style=\"color: #0067a6;\"><a style=\"color: #0067a6;\" href=\"https:\/\/rm.coe.int\/dhdn-flyer-french\/1680a5feec\" target=\"_blank\" rel=\"noopener\">D\u00e9mocratie ici | D\u00e9mocratie maintenant<\/a><\/span> \u00bb du Fonds Europ\u00e9en pour la Jeunesse. C&#8217;est une campagne \u00ab visant \u00e0 revitaliser la d\u00e9mocratie et \u00e0 renforcer le respect mutuel entre les jeunes, d\u2019une part, et les institutions et processus d\u00e9mocratiques, d\u2019autre part. La campagne porte sur l\u2019acc\u00e8s aux droits fondamentaux, la participation concr\u00e8te des jeunes et l\u2019impact de la num\u00e9risation en tant que facteurs de d\u00e9mocratisation. \u00bb<\/p>\n<p><img decoding=\"async\" loading=\"lazy\" class=\"aligncenter wp-image-607\" src=\"http:\/\/esperanto-jeunes.org\/wp-content\/uploads\/2022\/11\/Democratie-1024x577.png\" alt=\"\" width=\"355\" height=\"200\" srcset=\"https:\/\/esperanto-jeunes.org\/wp-content\/uploads\/2022\/11\/Democratie-1024x577.png 1024w, https:\/\/esperanto-jeunes.org\/wp-content\/uploads\/2022\/11\/Democratie-300x169.png 300w, https:\/\/esperanto-jeunes.org\/wp-content\/uploads\/2022\/11\/Democratie-768x433.png 768w, https:\/\/esperanto-jeunes.org\/wp-content\/uploads\/2022\/11\/Democratie-1536x865.png 1536w, https:\/\/esperanto-jeunes.org\/wp-content\/uploads\/2022\/11\/Democratie-956x539.png 956w, https:\/\/esperanto-jeunes.org\/wp-content\/uploads\/2022\/11\/Democratie.png 1640w\" sizes=\"(max-width: 355px) 100vw, 355px\" \/><\/p>\n<p>Plus concr\u00e8tement, \u00ab le projet vise \u00e0 aider 16 animateurs de jeunesse \u00e0 d\u00e9velopper leurs comp\u00e9tences en mati\u00e8re d&#8217;utilisation de l&#8217;\u00e9ducation non formelle avec les jeunes dans la r\u00e9gion Occitanie, en France. Dans le prolongement de la formation des formateurs que l&#8217;ONG organisera dans un premier temps, les participants r\u00e9aliseront des activit\u00e9s locales de jeunesse sur la participation et la d\u00e9mocratie. \u00bb<\/p>\n<p>Pendant une semaine, les participants de la formation ont donc suivi des sessions pratiques et th\u00e9oriques (introduction \u00e0 l&#8217;\u00e9ducation non formelle ; comment motiver un groupe ou une \u00e9quipe ; cr\u00e9er des visuels ; processus d&#8217;une formation, de la candidature au rapport&#8230;) avant de passer \u00e0 la pr\u00e9paration de leurs propres formations. En groupes, et sous la supervision des formateurs, ils ont b\u00e9n\u00e9fici\u00e9 de quelques sessions pour \u00e9laborer une formation, qu&#8217;ils ont ensuite pr\u00e9sent\u00e9e aux participants du <span style=\"color: #0067a6;\"><a style=\"color: #0067a6;\" href=\"https:\/\/toulouse.occeo.net\/stages-weekend\/\" target=\"_blank\" rel=\"noopener\">stage d&#8217;\u00e9t\u00e9 \u00e0 Arrout<\/a><\/span>, propos\u00e9 par le Centre Culturel Esp\u00e9ranto de Toulouse.<\/p>\n\n\t\t<style type=\"text\/css\">\n\t\t\t#gallery-1 {\n\t\t\t\tmargin: auto;\n\t\t\t}\n\t\t\t#gallery-1 .gallery-item {\n\t\t\t\tfloat: left;\n\t\t\t\tmargin-top: 10px;\n\t\t\t\ttext-align: center;\n\t\t\t\twidth: 11%;\n\t\t\t}\n\t\t\t#gallery-1 img {\n\t\t\t\tborder: 2px solid #cfcfcf;\n\t\t\t}\n\t\t\t#gallery-1 .gallery-caption {\n\t\t\t\tmargin-left: 0;\n\t\t\t}\n\t\t\t\/* see gallery_shortcode() in wp-includes\/media.php *\/\n\t\t<\/style>\n\t\t<div id='gallery-1' class='gallery galleryid-533 gallery-columns-9 gallery-size-thumbnail'><dl class='gallery-item'>\n\t\t\t<dt class='gallery-icon landscape'>\n\t\t\t\t<a href='https:\/\/esperanto-jeunes.org\/wp-content\/uploads\/2022\/11\/89FCBC8A-080C-42EB-9866-696E2082ADD8-scaled.jpeg'><img width=\"150\" height=\"150\" src=\"https:\/\/esperanto-jeunes.org\/wp-content\/uploads\/2022\/11\/89FCBC8A-080C-42EB-9866-696E2082ADD8-150x150.jpeg\" class=\"attachment-thumbnail size-thumbnail\" alt=\"\" decoding=\"async\" loading=\"lazy\" \/><\/a>\n\t\t\t<\/dt><\/dl><dl class='gallery-item'>\n\t\t\t<dt class='gallery-icon landscape'>\n\t\t\t\t<a href='https:\/\/esperanto-jeunes.org\/wp-content\/uploads\/2022\/11\/IMG_9407-scaled.jpeg'><img width=\"150\" height=\"150\" src=\"https:\/\/esperanto-jeunes.org\/wp-content\/uploads\/2022\/11\/IMG_9407-150x150.jpeg\" class=\"attachment-thumbnail size-thumbnail\" alt=\"\" decoding=\"async\" loading=\"lazy\" \/><\/a>\n\t\t\t<\/dt><\/dl><dl class='gallery-item'>\n\t\t\t<dt class='gallery-icon landscape'>\n\t\t\t\t<a href='https:\/\/esperanto-jeunes.org\/wp-content\/uploads\/2022\/11\/IMG_7791-scaled.jpg'><img width=\"150\" height=\"150\" src=\"https:\/\/esperanto-jeunes.org\/wp-content\/uploads\/2022\/11\/IMG_7791-150x150.jpg\" class=\"attachment-thumbnail size-thumbnail\" alt=\"\" decoding=\"async\" loading=\"lazy\" \/><\/a>\n\t\t\t<\/dt><\/dl><dl class='gallery-item'>\n\t\t\t<dt class='gallery-icon portrait'>\n\t\t\t\t<a href='https:\/\/esperanto-jeunes.org\/wp-content\/uploads\/2022\/11\/F486EC7F-A31B-459A-81DD-36E6D0FF5266-scaled.jpeg'><img width=\"150\" height=\"150\" src=\"https:\/\/esperanto-jeunes.org\/wp-content\/uploads\/2022\/11\/F486EC7F-A31B-459A-81DD-36E6D0FF5266-150x150.jpeg\" class=\"attachment-thumbnail size-thumbnail\" alt=\"\" decoding=\"async\" loading=\"lazy\" \/><\/a>\n\t\t\t<\/dt><\/dl><dl class='gallery-item'>\n\t\t\t<dt class='gallery-icon landscape'>\n\t\t\t\t<a href='https:\/\/esperanto-jeunes.org\/wp-content\/uploads\/2022\/11\/27D4F628-99DD-477C-9566-5CFD057BB278-scaled.jpeg'><img width=\"150\" height=\"150\" src=\"https:\/\/esperanto-jeunes.org\/wp-content\/uploads\/2022\/11\/27D4F628-99DD-477C-9566-5CFD057BB278-150x150.jpeg\" class=\"attachment-thumbnail size-thumbnail\" alt=\"\" decoding=\"async\" loading=\"lazy\" \/><\/a>\n\t\t\t<\/dt><\/dl><dl class='gallery-item'>\n\t\t\t<dt class='gallery-icon landscape'>\n\t\t\t\t<a href='https:\/\/esperanto-jeunes.org\/wp-content\/uploads\/2022\/11\/20220620_172233-scaled.jpg'><img width=\"150\" height=\"150\" src=\"https:\/\/esperanto-jeunes.org\/wp-content\/uploads\/2022\/11\/20220620_172233-150x150.jpg\" class=\"attachment-thumbnail size-thumbnail\" alt=\"\" decoding=\"async\" loading=\"lazy\" \/><\/a>\n\t\t\t<\/dt><\/dl><dl class='gallery-item'>\n\t\t\t<dt class='gallery-icon portrait'>\n\t\t\t\t<a href='https:\/\/esperanto-jeunes.org\/wp-content\/uploads\/2022\/11\/IMG_9412-scaled.jpeg'><img width=\"150\" height=\"150\" src=\"https:\/\/esperanto-jeunes.org\/wp-content\/uploads\/2022\/11\/IMG_9412-150x150.jpeg\" class=\"attachment-thumbnail size-thumbnail\" alt=\"\" decoding=\"async\" loading=\"lazy\" \/><\/a>\n\t\t\t<\/dt><\/dl><dl class='gallery-item'>\n\t\t\t<dt class='gallery-icon landscape'>\n\t\t\t\t<a href='https:\/\/esperanto-jeunes.org\/wp-content\/uploads\/2022\/11\/IMG_9580-scaled.jpeg'><img width=\"150\" height=\"150\" src=\"https:\/\/esperanto-jeunes.org\/wp-content\/uploads\/2022\/11\/IMG_9580-150x150.jpeg\" class=\"attachment-thumbnail size-thumbnail\" alt=\"\" decoding=\"async\" loading=\"lazy\" \/><\/a>\n\t\t\t<\/dt><\/dl><dl class='gallery-item'>\n\t\t\t<dt class='gallery-icon landscape'>\n\t\t\t\t<a href='https:\/\/esperanto-jeunes.org\/wp-content\/uploads\/2022\/11\/IMG_20220622_115732-scaled.jpg'><img width=\"150\" height=\"150\" src=\"https:\/\/esperanto-jeunes.org\/wp-content\/uploads\/2022\/11\/IMG_20220622_115732-150x150.jpg\" class=\"attachment-thumbnail size-thumbnail\" alt=\"\" decoding=\"async\" loading=\"lazy\" \/><\/a>\n\t\t\t<\/dt><\/dl><br style=\"clear: both\" \/><dl class='gallery-item'>\n\t\t\t<dt class='gallery-icon landscape'>\n\t\t\t\t<a href='https:\/\/esperanto-jeunes.org\/wp-content\/uploads\/2022\/11\/IMG_8223-scaled.jpg'><img width=\"150\" height=\"150\" src=\"https:\/\/esperanto-jeunes.org\/wp-content\/uploads\/2022\/11\/IMG_8223-150x150.jpg\" class=\"attachment-thumbnail size-thumbnail\" alt=\"\" decoding=\"async\" loading=\"lazy\" \/><\/a>\n\t\t\t<\/dt><\/dl><dl class='gallery-item'>\n\t\t\t<dt class='gallery-icon landscape'>\n\t\t\t\t<a href='https:\/\/esperanto-jeunes.org\/wp-content\/uploads\/2022\/11\/20220621_114806-scaled.jpg'><img width=\"150\" height=\"150\" src=\"https:\/\/esperanto-jeunes.org\/wp-content\/uploads\/2022\/11\/20220621_114806-150x150.jpg\" class=\"attachment-thumbnail size-thumbnail\" alt=\"\" decoding=\"async\" loading=\"lazy\" \/><\/a>\n\t\t\t<\/dt><\/dl><dl class='gallery-item'>\n\t\t\t<dt class='gallery-icon landscape'>\n\t\t\t\t<a href='https:\/\/esperanto-jeunes.org\/wp-content\/uploads\/2022\/11\/IMG_8247-scaled.jpg'><img width=\"150\" height=\"150\" src=\"https:\/\/esperanto-jeunes.org\/wp-content\/uploads\/2022\/11\/IMG_8247-150x150.jpg\" class=\"attachment-thumbnail size-thumbnail\" alt=\"\" decoding=\"async\" loading=\"lazy\" \/><\/a>\n\t\t\t<\/dt><\/dl><dl class='gallery-item'>\n\t\t\t<dt class='gallery-icon landscape'>\n\t\t\t\t<a href='https:\/\/esperanto-jeunes.org\/wp-content\/uploads\/2022\/11\/4AF4A04E-58C0-4C7A-AC8E-E116B906AD55-scaled.jpeg'><img width=\"150\" height=\"150\" src=\"https:\/\/esperanto-jeunes.org\/wp-content\/uploads\/2022\/11\/4AF4A04E-58C0-4C7A-AC8E-E116B906AD55-150x150.jpeg\" class=\"attachment-thumbnail size-thumbnail\" alt=\"\" decoding=\"async\" loading=\"lazy\" \/><\/a>\n\t\t\t<\/dt><\/dl><dl class='gallery-item'>\n\t\t\t<dt class='gallery-icon landscape'>\n\t\t\t\t<a href='https:\/\/esperanto-jeunes.org\/wp-content\/uploads\/2022\/11\/IMG_7980-scaled.jpg'><img width=\"150\" height=\"150\" src=\"https:\/\/esperanto-jeunes.org\/wp-content\/uploads\/2022\/11\/IMG_7980-150x150.jpg\" class=\"attachment-thumbnail size-thumbnail\" alt=\"\" decoding=\"async\" loading=\"lazy\" \/><\/a>\n\t\t\t<\/dt><\/dl><dl class='gallery-item'>\n\t\t\t<dt class='gallery-icon portrait'>\n\t\t\t\t<a href='https:\/\/esperanto-jeunes.org\/wp-content\/uploads\/2022\/11\/46040BED-E594-45AA-BC75-E4C56A72BB5D-scaled.jpeg'><img width=\"150\" height=\"150\" src=\"https:\/\/esperanto-jeunes.org\/wp-content\/uploads\/2022\/11\/46040BED-E594-45AA-BC75-E4C56A72BB5D-150x150.jpeg\" class=\"attachment-thumbnail size-thumbnail\" alt=\"\" decoding=\"async\" loading=\"lazy\" \/><\/a>\n\t\t\t<\/dt><\/dl><dl class='gallery-item'>\n\t\t\t<dt class='gallery-icon landscape'>\n\t\t\t\t<a href='https:\/\/esperanto-jeunes.org\/wp-content\/uploads\/2022\/11\/IMG_8014-scaled.jpg'><img width=\"150\" height=\"150\" src=\"https:\/\/esperanto-jeunes.org\/wp-content\/uploads\/2022\/11\/IMG_8014-150x150.jpg\" class=\"attachment-thumbnail size-thumbnail\" alt=\"\" decoding=\"async\" loading=\"lazy\" \/><\/a>\n\t\t\t<\/dt><\/dl><dl class='gallery-item'>\n\t\t\t<dt class='gallery-icon landscape'>\n\t\t\t\t<a href='https:\/\/esperanto-jeunes.org\/wp-content\/uploads\/2022\/11\/IMG_8061-scaled.jpg'><img width=\"150\" height=\"150\" src=\"https:\/\/esperanto-jeunes.org\/wp-content\/uploads\/2022\/11\/IMG_8061-150x150.jpg\" class=\"attachment-thumbnail size-thumbnail\" alt=\"\" decoding=\"async\" loading=\"lazy\" \/><\/a>\n\t\t\t<\/dt><\/dl><dl class='gallery-item'>\n\t\t\t<dt class='gallery-icon landscape'>\n\t\t\t\t<a href='https:\/\/esperanto-jeunes.org\/wp-content\/uploads\/2022\/11\/IMG_8310-scaled.jpg'><img width=\"150\" height=\"150\" src=\"https:\/\/esperanto-jeunes.org\/wp-content\/uploads\/2022\/11\/IMG_8310-150x150.jpg\" class=\"attachment-thumbnail size-thumbnail\" alt=\"\" decoding=\"async\" loading=\"lazy\" \/><\/a>\n\t\t\t<\/dt><\/dl><br style=\"clear: both\" \/><dl class='gallery-item'>\n\t\t\t<dt class='gallery-icon landscape'>\n\t\t\t\t<a href='https:\/\/esperanto-jeunes.org\/wp-content\/uploads\/2022\/11\/IMG_9653-scaled.jpeg'><img width=\"150\" height=\"150\" src=\"https:\/\/esperanto-jeunes.org\/wp-content\/uploads\/2022\/11\/IMG_9653-150x150.jpeg\" class=\"attachment-thumbnail size-thumbnail\" alt=\"\" decoding=\"async\" loading=\"lazy\" \/><\/a>\n\t\t\t<\/dt><\/dl><dl class='gallery-item'>\n\t\t\t<dt class='gallery-icon landscape'>\n\t\t\t\t<a href='https:\/\/esperanto-jeunes.org\/wp-content\/uploads\/2022\/11\/IMG_8517-scaled.jpg'><img width=\"150\" height=\"150\" src=\"https:\/\/esperanto-jeunes.org\/wp-content\/uploads\/2022\/11\/IMG_8517-150x150.jpg\" class=\"attachment-thumbnail size-thumbnail\" alt=\"\" decoding=\"async\" loading=\"lazy\" \/><\/a>\n\t\t\t<\/dt><\/dl><dl class='gallery-item'>\n\t\t\t<dt class='gallery-icon landscape'>\n\t\t\t\t<a href='https:\/\/esperanto-jeunes.org\/wp-content\/uploads\/2022\/11\/IMG_8388-scaled.jpg'><img width=\"150\" height=\"150\" src=\"https:\/\/esperanto-jeunes.org\/wp-content\/uploads\/2022\/11\/IMG_8388-150x150.jpg\" class=\"attachment-thumbnail size-thumbnail\" alt=\"\" decoding=\"async\" loading=\"lazy\" \/><\/a>\n\t\t\t<\/dt><\/dl><dl class='gallery-item'>\n\t\t\t<dt class='gallery-icon landscape'>\n\t\t\t\t<a href='https:\/\/esperanto-jeunes.org\/wp-content\/uploads\/2022\/11\/IMG_8435-scaled.jpg'><img width=\"150\" height=\"150\" src=\"https:\/\/esperanto-jeunes.org\/wp-content\/uploads\/2022\/11\/IMG_8435-150x150.jpg\" class=\"attachment-thumbnail size-thumbnail\" alt=\"\" decoding=\"async\" loading=\"lazy\" \/><\/a>\n\t\t\t<\/dt><\/dl><dl class='gallery-item'>\n\t\t\t<dt class='gallery-icon landscape'>\n\t\t\t\t<a href='https:\/\/esperanto-jeunes.org\/wp-content\/uploads\/2022\/11\/IMG_8603-scaled.jpg'><img width=\"150\" height=\"150\" src=\"https:\/\/esperanto-jeunes.org\/wp-content\/uploads\/2022\/11\/IMG_8603-150x150.jpg\" class=\"attachment-thumbnail size-thumbnail\" alt=\"\" decoding=\"async\" loading=\"lazy\" \/><\/a>\n\t\t\t<\/dt><\/dl><dl class='gallery-item'>\n\t\t\t<dt class='gallery-icon landscape'>\n\t\t\t\t<a href='https:\/\/esperanto-jeunes.org\/wp-content\/uploads\/2022\/11\/IMG_8497-scaled.jpg'><img width=\"150\" height=\"150\" src=\"https:\/\/esperanto-jeunes.org\/wp-content\/uploads\/2022\/11\/IMG_8497-150x150.jpg\" class=\"attachment-thumbnail size-thumbnail\" alt=\"\" decoding=\"async\" loading=\"lazy\" \/><\/a>\n\t\t\t<\/dt><\/dl><dl class='gallery-item'>\n\t\t\t<dt class='gallery-icon landscape'>\n\t\t\t\t<a href='https:\/\/esperanto-jeunes.org\/wp-content\/uploads\/2022\/11\/19561EE8-EF63-4CDE-9B0D-610A01691885-scaled.jpeg'><img width=\"150\" height=\"150\" src=\"https:\/\/esperanto-jeunes.org\/wp-content\/uploads\/2022\/11\/19561EE8-EF63-4CDE-9B0D-610A01691885-150x150.jpeg\" class=\"attachment-thumbnail size-thumbnail\" alt=\"\" decoding=\"async\" loading=\"lazy\" \/><\/a>\n\t\t\t<\/dt><\/dl><dl class='gallery-item'>\n\t\t\t<dt class='gallery-icon landscape'>\n\t\t\t\t<a href='https:\/\/esperanto-jeunes.org\/wp-content\/uploads\/2022\/11\/IMG_9659-scaled.jpeg'><img width=\"150\" height=\"150\" src=\"https:\/\/esperanto-jeunes.org\/wp-content\/uploads\/2022\/11\/IMG_9659-150x150.jpeg\" class=\"attachment-thumbnail size-thumbnail\" alt=\"\" decoding=\"async\" loading=\"lazy\" \/><\/a>\n\t\t\t<\/dt><\/dl><dl class='gallery-item'>\n\t\t\t<dt class='gallery-icon landscape'>\n\t\t\t\t<a href='https:\/\/esperanto-jeunes.org\/wp-content\/uploads\/2022\/11\/IMG_8688-scaled.jpg'><img width=\"150\" height=\"150\" src=\"https:\/\/esperanto-jeunes.org\/wp-content\/uploads\/2022\/11\/IMG_8688-150x150.jpg\" class=\"attachment-thumbnail size-thumbnail\" alt=\"\" decoding=\"async\" loading=\"lazy\" \/><\/a>\n\t\t\t<\/dt><\/dl><br style=\"clear: both\" \/>\n\t\t<\/div>\n\n<h2><span style=\"color: #0067a6;\"><a style=\"color: #0067a6;\" href=\"https:\/\/www.tejo.org\/nova-generacio-de-trejnistoj-en-esperantujo-2-2\/\" target=\"_blank\" rel=\"noopener\">T\u00e9moignages<\/a><\/span><\/h2>\n<h4><span style=\"color: #f6931d;\"><strong>In\u00e8s Kahin, pr\u00e9sidente de JEFO (2022 &#8211; 2023) et vice-pr\u00e9sidente de TEJO (2021 &#8211; 2022)<\/strong><\/span><\/h4>\n<p>\u00ab D\u00e8s le d\u00e9but de mon mandat, en constatant le manque de formateurs dans notre association, j&#8217;ai commenc\u00e9 \u00e0 r\u00e9fl\u00e9chir aux possibilit\u00e9s d&#8217;organiser une formation pour nouveaux formateurs. Nous avons fait une demande de subvention aupr\u00e8s du Conseil de l&#8217;Europe et l&#8217;avons obtenue !<\/p>\n<p>J&#8217;ai choisi quatre formateurs de TEJO dans mon \u00e9quipe : ce fut un grand plaisir de travailler avec L\u00e9on Kamenick\u00fd, Sara Span\u00f2, Szabolcs Szilva et Sa\u015da Kovyazina. M\u00ealant th\u00e9orie et pratique, ils ont accompagn\u00e9 les participants avec professionnalisme, bonne humeur et patience dans la mise en place de leurs propres premi\u00e8res formations.<\/p>\n<p>Je crois fermement qu&#8217;il vaut la peine d&#8217;investir du temps et de l&#8217;\u00e9nergie dans le d\u00e9veloppement de l&#8217;\u00e9quipe de formateurs de notre organisation. Plus le mouvement a de bons formateurs, plus les formations sont de qualit\u00e9 ! Je suis heureuse que JEFO ait pu proposer une formation permettant d&#8217;acqu\u00e9rir de nouvelles connaissances et comp\u00e9tences qui peuvent \u00e9galement \u00eatre valoris\u00e9es dans la vie professionnelle des participants ! \u00bb<\/p>\n<p><iframe loading=\"lazy\" title=\"YouTube video player\" src=\"\/\/www.youtube.com\/embed\/tPwxfQP2P6k\" width=\"560\" height=\"315\" frameborder=\"0\" allowfullscreen=\"allowfullscreen\"><\/iframe><\/p>\n<h4><span style=\"color: #f6931d;\"><strong>Oscar Hern\u00e1ndez Rodr\u00edguez<\/strong>, participant<\/span><\/h4>\n<p>\u00ab J&#8217;ai particuli\u00e8rement appr\u00e9ci\u00e9 le fait que nous ayons eu l&#8217;occasion d&#8217;appliquer tout ce que nous avions appris pendant la semaine, en dispensant notre propre petite formation\u00a0: nous devions travailler efficacement en \u00e9quipe, organiser les informations trouv\u00e9es sur divers sujets, exercer notre cr\u00e9ativit\u00e9 pour proposer des activit\u00e9s captivantes et engageantes, et pratiquer la prise de parole en public en appliquant toutes les techniques apprises dans le contr\u00f4le de la voix, les geste et la posture du corps.<\/p>\n<p>La formation a \u00e9t\u00e9 une initiative qui nous a montr\u00e9 que m\u00eame en esp\u00e9ranto, il est possible acqu\u00e9rir des comp\u00e9tences concr\u00e8tes utiles dans plusieurs domaines de la vie, grandir en tant que personne et acqu\u00e9rir de l&#8217;exp\u00e9rience. Gr\u00e2ce \u00e0 la bienveillance des organisateurs et des formateurs, j&#8217;ai vraiment ressenti une \u00e9volution au niveau de mes comp\u00e9tences de formation.<\/p>\n<p>J&#8217;ai h\u00e2te de former en esp\u00e9ranto avec des gens agr\u00e9ables et \u00e9nergiques !\u00a0\u00bb<\/p>\n<h2><span style=\"color: #f6931d;\">Rapports<\/span><\/h2>\n<p>\u00c0 l&#8217;issue de la formation, quatre groupes ont \u00e9t\u00e9 form\u00e9s et quatre formations dispens\u00e9es. Ici, retrouvez les rapports des groupes :<\/p>\n<ul>\n<li><span style=\"color: #0067a6;\"><a style=\"color: #0067a6;\" href=\"http:\/\/esperanto-jeunes.org\/wp-content\/uploads\/2022\/11\/Diverseco-interkultura-interago-kaj-inkluziveco.pdf\" target=\"_blank\" rel=\"noopener\">Diverseco interkultura interago kaj inkluziveco<\/a><\/span><\/li>\n<li><span style=\"color: #0067a6;\"><a style=\"color: #0067a6;\" href=\"http:\/\/esperanto-jeunes.org\/wp-content\/uploads\/2022\/11\/Pritakso-de-junulara-partopreno-en-la-regionoj-de-Europo.pdf\" target=\"_blank\" rel=\"noopener\">Pritakso de junulara partopreno en la regionoj de E\u016dropo<\/a><\/span><\/li>\n<li><span style=\"color: #0067a6;\"><a style=\"color: #0067a6;\" href=\"http:\/\/esperanto-jeunes.org\/wp-content\/uploads\/2022\/11\/Revigligo-de-demokratio.pdf\" target=\"_blank\" rel=\"noopener\">Revigligo de demokratio<\/a><\/span><\/li>\n<li><span style=\"color: #0067a6;\"><a style=\"color: #0067a6;\" href=\"http:\/\/esperanto-jeunes.org\/wp-content\/uploads\/2022\/11\/Demokratio-kaj-lingva-justeco.pdf\" target=\"_blank\" rel=\"noopener\">Demokratio kaj lingva justeco<\/a><\/span><\/li>\n<\/ul>\n<p><img decoding=\"async\" loading=\"lazy\" class=\"wp-image-606 alignright\" src=\"http:\/\/esperanto-jeunes.org\/wp-content\/uploads\/2022\/11\/CoE-300x240.png\" alt=\"\" width=\"124\" height=\"100\" \/><img decoding=\"async\" loading=\"lazy\" class=\"wp-image-608 alignright\" src=\"http:\/\/esperanto-jeunes.org\/wp-content\/uploads\/2022\/11\/FEJ-300x286.png\" alt=\"\" width=\"105\" height=\"100\" srcset=\"https:\/\/esperanto-jeunes.org\/wp-content\/uploads\/2022\/11\/FEJ-300x286.png 300w, https:\/\/esperanto-jeunes.org\/wp-content\/uploads\/2022\/11\/FEJ.png 374w\" sizes=\"(max-width: 105px) 100vw, 105px\" \/> <img decoding=\"async\" loading=\"lazy\" class=\"wp-image-558 alignright\" src=\"http:\/\/esperanto-jeunes.org\/wp-content\/uploads\/2022\/10\/TNT_eo-244x300.png\" alt=\"\" width=\"81\" height=\"100\" srcset=\"https:\/\/esperanto-jeunes.org\/wp-content\/uploads\/2022\/10\/TNT_eo-244x300.png 244w, https:\/\/esperanto-jeunes.org\/wp-content\/uploads\/2022\/10\/TNT_eo-833x1024.png 833w, https:\/\/esperanto-jeunes.org\/wp-content\/uploads\/2022\/10\/TNT_eo-768x944.png 768w, https:\/\/esperanto-jeunes.org\/wp-content\/uploads\/2022\/10\/TNT_eo-956x1175.png 956w, https:\/\/esperanto-jeunes.org\/wp-content\/uploads\/2022\/10\/TNT_eo.png 1185w\" sizes=\"(max-width: 81px) 100vw, 81px\" \/><\/p>","protected":false},"excerpt":{"rendered":"<p>Du 17 au 26 juin 2022, Esp\u00e9ranto-Jeunes a organis\u00e9 la formation \u00ab Trejnu Novajn Trejnistojn\u00a0\u00bb (en fran\u00e7ais : Forme de Nouveaux Formateurs) gr\u00e2ce au soutien financier et p\u00e9dagogique du Fonds Europ\u00e9en pour la Jeunesse, un \u00e9tablissement du Conseil de l&#8217;Europe,&#8230;<br \/><a class=\"read-more-button\" href=\"https:\/\/esperanto-jeunes.org\/fr\/esperanto\/tnt-2022\/\">Savoir plus<\/a><\/p>\n","protected":false},"author":13,"featured_media":555,"parent":4,"menu_order":0,"comment_status":"closed","ping_status":"closed","template":"","meta":[],"_links":{"self":[{"href":"https:\/\/esperanto-jeunes.org\/fr\/wp-json\/wp\/v2\/pages\/533"}],"collection":[{"href":"https:\/\/esperanto-jeunes.org\/fr\/wp-json\/wp\/v2\/pages"}],"about":[{"href":"https:\/\/esperanto-jeunes.org\/fr\/wp-json\/wp\/v2\/types\/page"}],"author":[{"embeddable":true,"href":"https:\/\/esperanto-jeunes.org\/fr\/wp-json\/wp\/v2\/users\/13"}],"replies":[{"embeddable":true,"href":"https:\/\/esperanto-jeunes.org\/fr\/wp-json\/wp\/v2\/comments?post=533"}],"version-history":[{"count":21,"href":"https:\/\/esperanto-jeunes.org\/fr\/wp-json\/wp\/v2\/pages\/533\/revisions"}],"predecessor-version":[{"id":667,"href":"https:\/\/esperanto-jeunes.org\/fr\/wp-json\/wp\/v2\/pages\/533\/revisions\/667"}],"up":[{"embeddable":true,"href":"https:\/\/esperanto-jeunes.org\/fr\/wp-json\/wp\/v2\/pages\/4"}],"wp:featuredmedia":[{"embeddable":true,"href":"https:\/\/esperanto-jeunes.org\/fr\/wp-json\/wp\/v2\/media\/555"}],"wp:attachment":[{"href":"https:\/\/esperanto-jeunes.org\/fr\/wp-json\/wp\/v2\/media?parent=533"}],"curies":[{"name":"wp","href":"https:\/\/api.w.org\/{rel}","templated":true}]}}