{"id":4,"date":"2015-12-19T21:58:24","date_gmt":"2015-12-19T21:58:24","guid":{"rendered":"http:\/\/nova.esperanto-jeunes.org\/?page_id=4"},"modified":"2022-09-27T12:22:42","modified_gmt":"2022-09-27T11:22:42","slug":"esperanto","status":"publish","type":"page","link":"https:\/\/esperanto-jeunes.org\/fr\/esperanto\/","title":{"rendered":"L\u2019esp\u00e9ranto"},"content":{"rendered":"<p><\/p>\n<div class=\"chapo\">\n<p>L\u2019Esp\u00e9ranto est une langue internationale n\u00e9e il y a plus d\u2019un si\u00e8cle (1887), de la main de <a href=\"http:\/\/zamenhof.info\/fr\/\">L.L. Zamenhof<\/a>, elle est aujourd\u2019hui utilis\u00e9e par plusieurs millions de personnes pour :<\/p>\n<ul class=\"spip\">\n<li>La communication<\/li>\n<li>Des activit\u00e9s<\/li>\n<li>Des \u00e9v\u00e9nements internationaux \u00e0 travers le monde entier<\/li>\n<\/ul>\n<p>Con\u00e7ue pour \u00eatre la langue la plus facile \u00e0 apprendre et utiliser, l\u2019Esp\u00e9ranto a prouv\u00e9 son efficacit\u00e9\u00a0: apr\u00e8s cent vingt ans d\u2019histoire, sa pr\u00e9sence g\u00e9ographique continue de se d\u00e9velopper sur tous les continents.<\/p>\n<\/div>\n<p><iframe loading=\"lazy\" title=\"YouTube video player\" src=\"https:\/\/www.youtube.com\/embed\/LDUszgj24ww\" width=\"560\" height=\"315\" frameborder=\"0\" allowfullscreen=\"allowfullscreen\"><\/iframe><\/p>","protected":false},"excerpt":{"rendered":"<p>L\u2019Esp\u00e9ranto est une langue internationale n\u00e9e il y a plus d\u2019un si\u00e8cle (1887), de la main de L.L. Zamenhof, elle est aujourd\u2019hui utilis\u00e9e par plusieurs millions de personnes pour : La communication Des activit\u00e9s Des \u00e9v\u00e9nements internationaux \u00e0 travers le&#8230;<br \/><a class=\"read-more-button\" href=\"https:\/\/esperanto-jeunes.org\/fr\/esperanto\/\">Savoir plus<\/a><\/p>\n","protected":false},"author":1,"featured_media":0,"parent":0,"menu_order":0,"comment_status":"closed","ping_status":"closed","template":"","meta":[],"_links":{"self":[{"href":"https:\/\/esperanto-jeunes.org\/fr\/wp-json\/wp\/v2\/pages\/4"}],"collection":[{"href":"https:\/\/esperanto-jeunes.org\/fr\/wp-json\/wp\/v2\/pages"}],"about":[{"href":"https:\/\/esperanto-jeunes.org\/fr\/wp-json\/wp\/v2\/types\/page"}],"author":[{"embeddable":true,"href":"https:\/\/esperanto-jeunes.org\/fr\/wp-json\/wp\/v2\/users\/1"}],"replies":[{"embeddable":true,"href":"https:\/\/esperanto-jeunes.org\/fr\/wp-json\/wp\/v2\/comments?post=4"}],"version-history":[{"count":12,"href":"https:\/\/esperanto-jeunes.org\/fr\/wp-json\/wp\/v2\/pages\/4\/revisions"}],"predecessor-version":[{"id":523,"href":"https:\/\/esperanto-jeunes.org\/fr\/wp-json\/wp\/v2\/pages\/4\/revisions\/523"}],"wp:attachment":[{"href":"https:\/\/esperanto-jeunes.org\/fr\/wp-json\/wp\/v2\/media?parent=4"}],"curies":[{"name":"wp","href":"https:\/\/api.w.org\/{rel}","templated":true}]}}