{"id":30,"date":"2015-12-19T23:27:18","date_gmt":"2015-12-19T22:27:18","guid":{"rendered":"http:\/\/nova.esperanto-jeunes.org\/?page_id=30"},"modified":"2022-10-13T14:11:32","modified_gmt":"2022-10-13T13:11:32","slug":"kontakto","status":"publish","type":"page","link":"https:\/\/esperanto-jeunes.org\/fr\/kontakto\/","title":{"rendered":"Nous contacter"},"content":{"rendered":"<p><\/p>\n<h2>Coordonn\u00e9es du si\u00e8ge<\/h2>\n<p>&nbsp;<\/p>\n<p>Esp\u00e9ranto-Jeunes<br \/>\n4 bis rue de la Cerisaie<br \/>\n75004 PARIS<br \/>\nFRANCE<br \/>\n(+33) 01 42 78 68 86<\/p>\n<h2>Contacts de l&#8217;organisation<\/h2>\n<p>&nbsp;<\/p>\n<p>Adresse de contact principale : info@esperanto-jeunes.org<\/p>\n<ul>\n<li>Telegram : <a href=\"https:\/\/jefo.telegramo.org\/\">https:\/\/jefo.telegramo.org\/<\/a><\/li>\n<li>Facebook : <a href=\"https:\/\/www.facebook.com\/jefo.esperanto\" target=\"_blank\" rel=\"noopener\">Esp\u00e9ranto-Jeunes<\/a><\/li>\n<li>Instagram : <a href=\"https:\/\/www.instagram.com\/jefo.esperanto\/\" target=\"_blank\" rel=\"noopener\">@jefo.esperanto<\/a><\/li>\n<\/ul>\n<p><\/p>","protected":false},"excerpt":{"rendered":"<p>Coordonn\u00e9es du si\u00e8ge &nbsp; Esp\u00e9ranto-Jeunes 4 bis rue de la Cerisaie 75004 PARIS FRANCE (+33) 01 42 78 68 86 Contacts de l&#8217;organisation &nbsp; Adresse de contact principale : info@esperanto-jeunes.org Telegram : https:\/\/jefo.telegramo.org\/ Facebook : Esp\u00e9ranto-Jeunes Instagram : @jefo.esperanto<\/p>\n","protected":false},"author":1,"featured_media":0,"parent":0,"menu_order":0,"comment_status":"closed","ping_status":"closed","template":"","meta":[],"_links":{"self":[{"href":"https:\/\/esperanto-jeunes.org\/fr\/wp-json\/wp\/v2\/pages\/30"}],"collection":[{"href":"https:\/\/esperanto-jeunes.org\/fr\/wp-json\/wp\/v2\/pages"}],"about":[{"href":"https:\/\/esperanto-jeunes.org\/fr\/wp-json\/wp\/v2\/types\/page"}],"author":[{"embeddable":true,"href":"https:\/\/esperanto-jeunes.org\/fr\/wp-json\/wp\/v2\/users\/1"}],"replies":[{"embeddable":true,"href":"https:\/\/esperanto-jeunes.org\/fr\/wp-json\/wp\/v2\/comments?post=30"}],"version-history":[{"count":15,"href":"https:\/\/esperanto-jeunes.org\/fr\/wp-json\/wp\/v2\/pages\/30\/revisions"}],"predecessor-version":[{"id":553,"href":"https:\/\/esperanto-jeunes.org\/fr\/wp-json\/wp\/v2\/pages\/30\/revisions\/553"}],"wp:attachment":[{"href":"https:\/\/esperanto-jeunes.org\/fr\/wp-json\/wp\/v2\/media?parent=30"}],"curies":[{"name":"wp","href":"https:\/\/api.w.org\/{rel}","templated":true}]}}