{"id":200,"date":"2017-11-16T23:24:48","date_gmt":"2017-11-16T22:24:48","guid":{"rendered":"https:\/\/esperanto-jeunes.org\/?page_id=200"},"modified":"2026-02-01T22:47:49","modified_gmt":"2026-02-01T21:47:49","slug":"la-estraranoj","status":"publish","type":"page","link":"https:\/\/esperanto-jeunes.org\/fr\/la-estraranoj\/","title":{"rendered":"Le CA et le bureau"},"content":{"rendered":"<p><\/p>\n<h1><span style=\"color: #d71820;\">Le bureau<\/span><\/h1>\n<h3><span style=\"color: #004e96;\">Briac Millon \u00b7 Pr\u00e9sident<\/span><\/h3>\n<p>J&#8217;ai appris l&#8217;esp\u00e9ranto en 2019. Depuis, j&#8217;ai voyag\u00e9 avec Pasporta Servo, particip\u00e9 au Congr\u00e8s international de la jeunesse (IJK) en Lituanie, et j&#8217;ai rencontr\u00e9 beaucoup de gens tr\u00e8s cool ! L\u2019esp\u00e9ranto, c\u2019est une langue de voyage et j\u2019esp\u00e8re qu\u2019Esp\u00e9ranto-Jeunes participera activement aux projets de TEJO qui permettent de voyager en Europe.<\/p>\n<p>Dans le cadre de mon engagement associatif en faveur de l&#8217;esp\u00e9ranto, j&#8217;ai agi pour les adolescents au sein de l&#8217;Organisation mondiale des jeunes esp\u00e9rantophones (TEJO), repr\u00e9sent\u00e9 l&#8217;Association universelle d&#8217;esp\u00e9ranto (UEA) au sein de l&#8217;Unesco et depuis 2022, je suis membre du Comit\u00e9 d&#8217;Esp\u00e9ranto-Jeunes.<\/p>\n<h3><span style=\"color: #004e96;\">Gabin Forcier \u00b7 Vice-pr\u00e9sident<\/span><\/h3>\n<p><span style=\"color: #000000;\">Assez r\u00e9cemment arriv\u00e9 dans la communaut\u00e9 esperantophone, j\u2019ai commenc\u00e9 \u00e0 apprendre l\u2019esp\u00e9ranto en 2021. Apr\u00e8s quelques mois d\u2019apprentissage seul, j\u2019ai eu envie de rencontrer des esp\u00e9rantistes\u202f! Alors, d\u00e9but 2022, j\u2019ai d\u00e9cid\u00e9 de voyager en Europe pendant 6 mois en utilisant Pasporta Servo. Durant ce voyage, j\u2019ai particip\u00e9 \u00e0 des \u00e9v\u00e9nements et \u00e9chang\u00e9 avec de nombreuses personnes. En m\u00eame temps, j\u2019ai rencontr\u00e9 des jeunes esp\u00e9rantistes qui sont actifs dans plusieurs associations.<\/span><br \/>\n<span style=\"color: #000000;\">De retour en France dans une\u00a0\u00ab\u00a0vie normale\u00a0\u00bb, je continue cet engagement en tant que pr\u00e9sident de JEFO.\u00a0Tr\u00e8s heureux de pouvoir travailler avec cette \u00e9quipe pour mettre en \u0153uvre de nouveaux (ou certains plus anciens \ud83d\ude01) projets et faire en sorte que nos membres soient impliqu\u00e9s et heureux dans notre association !<\/span><\/p>\n<h3><span style=\"color: #004e96;\">In\u00e8s Kahin \u00b7 Tr\u00e9sori\u00e8re<\/span><\/h3>\n<p><span style=\"color: #000000;\">Quelques mois apr\u00e8s avoir d\u00e9couvert l\u2019esp\u00e9ranto fin 2019, j\u2019ai fait un Service Civique au Centre Culturel Esp\u00e9ranto de Toulouse, incluant quelques mois en Pologne. C\u2019est l\u00e0 qu\u2019a commenc\u00e9 mon aventure avec l\u2019esp\u00e9ranto, avant d\u2019\u00eatre \u00e9lue Vice-Pr\u00e9sidente de TEJO (Organisation Mondiale des Jeunes Esp\u00e9rantophones) pour le mandat 2021-2022 puis Pr\u00e9sidente d\u2019Esp\u00e9ranto-Jeunes en 2022. J&#8217;ai notamment pu m&#8217;occuper pendant mon mandat de l\u2019organisation de TnT (Trejnu novajn Trejnistojn) en juin 2022 qu\u2019Esp\u00e9ranto-Jeunes a eu la chance de voir financ\u00e9 par le Conseil de l\u2019Europe !<\/span><\/p>\n<p><span style=\"color: #000000;\">Je suis aujourd&#8217;hui ravie de voir Gabin prendre la rel\u00e8ve et je reste \u00e0 la Vice-Pr\u00e9sidence de notre organisation \u00e0 ses c\u00f4t\u00e9s.<\/span><\/p>\n<p><span style=\"color: #000000;\">En dehors de l\u2019esp\u00e9ranto, je suis dipl\u00f4m\u00e9e d&#8217;un master en Sociologie des Organisations et de l\u2019Action Publique et je me sp\u00e9cialise sur les questions de gouvernance !<\/span><\/p>\n<h3><span style=\"color: #004e96;\">David Gu\u00e9rin \u00b7 Secr\u00e9taire<\/span><\/h3>\n<p><span style=\"color: #000000;\">Bien que j\u2019aie appris l\u2019esp\u00e9ranto en 2015, je suis plut\u00f4t nouveau dans la communaut\u00e9, puisque j\u2019ai vraiment commenc\u00e9 \u00e0 la c\u00f4toyer avec IJK en 2022.\u2008En peu de temps, l\u2019esp\u00e9ranto m\u2019a permis de faire plusieurs voyages et beaucoup de rencontres formidables.\u2008J\u2019ai donc voulu rendre un peu \u00e0 la communaut\u00e9 en m\u2019investissant dans Esp\u00e9ranto-Jeunes.<\/span><\/p>\n<p><span style=\"color: #000000;\">Je suis en master de linguistique et travaille pour mon m\u00e9moire de recherche sur le fonctionnement des adverbes en esp\u00e9ranto.<\/span><\/p>\n<p><span style=\"color: #000000;\">En dehors de l\u2019esp\u00e9ranto, je suis actuellement en \u00c9cosse dans un programme d\u2019un an pour enseigner le fran\u00e7ais \u00e0 l\u2019Universit\u00e9 de Strathclyde \u00e0 Glasgow.<\/span><\/p>\n<h1><span style=\"color: #d71920;\">Le Conseil d&#8217;Administration<\/span><\/h1>\n<h3><span style=\"color: #004e96;\">Valentin Ceretto Bergerat<\/span><\/h3>\n<p><span style=\"color: #000000;\">J\u2019ai commenc\u00e9 l\u2019apprentissage de l\u2019esp\u00e9ranto en 2014 et je m\u2019en sers activement depuis que je suis arriv\u00e9 chez TEJO en 2020. J\u2019ai d\u00e9j\u00e0 pass\u00e9 un an au bureau central aux Pays-Bas avant de me faire recruter pour le bureau de l\u2019organisation, o\u00f9 je m\u2019occupe (pour le mandat 2021-22) des relations ext\u00e9rieures et partage la responsabilit\u00e9 de l\u2019accompagnement des volontaires. Pour la m\u00eame p\u00e9riode, je suis \u00e9galement volontaire aupr\u00e8s du Centre culturel esp\u00e9ranto de Toulouse (EKC) qui pour la moiti\u00e9 de l\u2019ann\u00e9e 2022 m\u2019envoie en Slovaquie, aupr\u00e8s d\u2019E@I (Edukado@Interreto).<\/span><\/p>\n<p><span style=\"color: #000000;\">J\u2019ai donc depuis un bon moment les deux pieds dans le monde de l\u2019esp\u00e9ranto. La langue m\u2019a permis de vivre et travailler dans 3 pays et de voyager \u00e0 de nombreuses reprises en Europe \u2013 \u00e0 moindre mesure aussi en Asie \u2013\u00a0 et d\u2019y rencontrer des gens formidables !<\/span><\/p>","protected":false},"excerpt":{"rendered":"<p>Le bureau Briac Millon \u00b7 Pr\u00e9sident J&#8217;ai appris l&#8217;esp\u00e9ranto en 2019. Depuis, j&#8217;ai voyag\u00e9 avec Pasporta Servo, particip\u00e9 au Congr\u00e8s international de la jeunesse (IJK) en Lituanie, et j&#8217;ai rencontr\u00e9 beaucoup de gens tr\u00e8s cool ! L\u2019esp\u00e9ranto, c\u2019est une langue&#8230;<br \/><a class=\"read-more-button\" href=\"https:\/\/esperanto-jeunes.org\/fr\/la-estraranoj\/\">Savoir plus<\/a><\/p>\n","protected":false},"author":5,"featured_media":0,"parent":0,"menu_order":0,"comment_status":"closed","ping_status":"closed","template":"","meta":[],"_links":{"self":[{"href":"https:\/\/esperanto-jeunes.org\/fr\/wp-json\/wp\/v2\/pages\/200"}],"collection":[{"href":"https:\/\/esperanto-jeunes.org\/fr\/wp-json\/wp\/v2\/pages"}],"about":[{"href":"https:\/\/esperanto-jeunes.org\/fr\/wp-json\/wp\/v2\/types\/page"}],"author":[{"embeddable":true,"href":"https:\/\/esperanto-jeunes.org\/fr\/wp-json\/wp\/v2\/users\/5"}],"replies":[{"embeddable":true,"href":"https:\/\/esperanto-jeunes.org\/fr\/wp-json\/wp\/v2\/comments?post=200"}],"version-history":[{"count":37,"href":"https:\/\/esperanto-jeunes.org\/fr\/wp-json\/wp\/v2\/pages\/200\/revisions"}],"predecessor-version":[{"id":872,"href":"https:\/\/esperanto-jeunes.org\/fr\/wp-json\/wp\/v2\/pages\/200\/revisions\/872"}],"wp:attachment":[{"href":"https:\/\/esperanto-jeunes.org\/fr\/wp-json\/wp\/v2\/media?parent=200"}],"curies":[{"name":"wp","href":"https:\/\/api.w.org\/{rel}","templated":true}]}}