{"id":2,"date":"2015-12-18T22:19:07","date_gmt":"2015-12-18T21:19:07","guid":{"rendered":"http:\/\/nova.esperanto-jeunes.org\/?page_id=2"},"modified":"2026-02-01T22:52:13","modified_gmt":"2026-02-01T21:52:13","slug":"cxefpagxo","status":"publish","type":"page","link":"https:\/\/esperanto-jeunes.org\/fr\/","title":{"rendered":"Accueil"},"content":{"rendered":"<p>Bonvenon! JEFO estas asocio kiu kunigas junajn esperantoparolantojn kaj esperantistojn de Francio. En \u0109i tiu retejo vi trovos informojn pri nia asocio, pri Esperanto kaj kiel uzi \u011din.<\/p>\r\n<h3>Fre\u015ddataj nova\u0135oj<\/h3>\r\n<ul>\r\n<li>\ud83d\udc65 \u011cenerala Asembleo de JEFO okazis la 11-an de novembro 2025. Dum \u011di, estis elektitaj novaj estraranoj kaj nova komitato. <span style=\"color: #d71920;\"><a style=\"color: #d71920;\" href=\"https:\/\/esperanto-jeunes.org\/la-estraranoj\/\" target=\"_blank\" rel=\"noopener\">Trovu iliajn prezentojn sur \u0109i tiu pa\u011do<\/a><\/span>.<\/li>\r\n<li>\ud83c\udfb6 FESTO 2025 a eu lieu \u00e0 Moissac, \u00e0 c\u00f4t\u00e9 de Toulouse entre les 17 et 24 ao\u00fbt. <a href=\"https:\/\/festo.esperanto-jeunes.org\/\">Plus d&#8217;informations ici<\/a>.<\/li>\r\n<li>\ud83c\udfac Spektu la <span style=\"color: #d71920;\"><a style=\"color: #d71920;\" href=\"https:\/\/www.youtube.com\/c\/Linguisticae\" target=\"_blank\" rel=\"noopener\">videon de Linguisticae<\/a><\/span>, financita de JEFO!<\/li>\r\n<\/ul>\r\n<p><iframe loading=\"lazy\" title=\"YouTube video player\" src=\"https:\/\/www.youtube.com\/embed\/JZfgfSOvmaI\" width=\"560\" height=\"315\" frameborder=\"0\" allowfullscreen=\"allowfullscreen\"><\/iframe><\/p>\r\n<ul>\r\n<li>\ud83d\udcf1 JEFO nun havas Instagram-konton! <span style=\"color: #d71920;\"><a style=\"color: #d71920;\" href=\"https:\/\/www.instagram.com\/jefo.esperanto\/\" target=\"_blank\" rel=\"noopener\">Sekvu nin!<\/a><\/span><\/li>\r\n<li>\ud83d\udc65 Dum la lasta \u011denerala asembleo de JEFO, kiu okazis la 5-an de Majo 2022, nova estraro kaj komitato estis elektitaj, <span style=\"color: #d71920;\"><a style=\"color: #d71920;\" href=\"https:\/\/esperanto-jeunes.org\/la-estraranoj\/\" target=\"_blank\" rel=\"noopener\">ekkonu la membrojn<\/a><\/span>!<\/li>\r\n<\/ul>\r\n\r\n<p>&nbsp;<\/p>","protected":false},"excerpt":{"rendered":"<p>Bonvenon! JEFO estas asocio kiu kunigas junajn esperantoparolantojn kaj esperantistojn de Francio. En \u0109i tiu retejo vi trovos informojn pri nia asocio, pri Esperanto kaj kiel uzi \u011din. Fre\u015ddataj nova\u0135oj \ud83d\udc65 \u011cenerala Asembleo de JEFO okazis la 11-an de novembro&#8230;<br \/><a class=\"read-more-button\" href=\"https:\/\/esperanto-jeunes.org\/fr\/\">Savoir plus<\/a><\/p>\n","protected":false},"author":1,"featured_media":0,"parent":0,"menu_order":0,"comment_status":"closed","ping_status":"closed","template":"","meta":[],"_links":{"self":[{"href":"https:\/\/esperanto-jeunes.org\/fr\/wp-json\/wp\/v2\/pages\/2"}],"collection":[{"href":"https:\/\/esperanto-jeunes.org\/fr\/wp-json\/wp\/v2\/pages"}],"about":[{"href":"https:\/\/esperanto-jeunes.org\/fr\/wp-json\/wp\/v2\/types\/page"}],"author":[{"embeddable":true,"href":"https:\/\/esperanto-jeunes.org\/fr\/wp-json\/wp\/v2\/users\/1"}],"replies":[{"embeddable":true,"href":"https:\/\/esperanto-jeunes.org\/fr\/wp-json\/wp\/v2\/comments?post=2"}],"version-history":[{"count":132,"href":"https:\/\/esperanto-jeunes.org\/fr\/wp-json\/wp\/v2\/pages\/2\/revisions"}],"predecessor-version":[{"id":873,"href":"https:\/\/esperanto-jeunes.org\/fr\/wp-json\/wp\/v2\/pages\/2\/revisions\/873"}],"wp:attachment":[{"href":"https:\/\/esperanto-jeunes.org\/fr\/wp-json\/wp\/v2\/media?parent=2"}],"curies":[{"name":"wp","href":"https:\/\/api.w.org\/{rel}","templated":true}]}}