{"id":123,"date":"2017-03-07T04:35:26","date_gmt":"2017-03-07T03:35:26","guid":{"rendered":"http:\/\/nova.esperanto-jeunes.org\/?page_id=123"},"modified":"2024-01-24T10:20:35","modified_gmt":"2024-01-24T09:20:35","slug":"aligilo","status":"publish","type":"page","link":"https:\/\/esperanto-jeunes.org\/fr\/lassociation\/aligilo\/","title":{"rendered":"Adh\u00e9sion"},"content":{"rendered":"<p>Esp\u00e9ranto-Jeunes est une association fortement li\u00e9e \u00e0 Esp\u00e9ranto-France, \u00e0 laquelle nous devons beaucoup. Pour cette raison, pour adh\u00e9rer \u00e0 Esp\u00e9ranto-Jeunes, il faut passer par Esp\u00e9ranto-France, <a href=\"https:\/\/esperanto-france.org\/adherer-a-esperanto-france#proc%C3%A9dure\" target=\"_blank\" rel=\"noopener\">voir ici<\/a>.<\/p>","protected":false},"excerpt":{"rendered":"<p>Esp\u00e9ranto-Jeunes est une association fortement li\u00e9e \u00e0 Esp\u00e9ranto-France, \u00e0 laquelle nous devons beaucoup. Pour cette raison, pour adh\u00e9rer \u00e0 Esp\u00e9ranto-Jeunes, il faut passer par Esp\u00e9ranto-France, voir ici.<\/p>\n","protected":false},"author":1,"featured_media":0,"parent":26,"menu_order":0,"comment_status":"closed","ping_status":"closed","template":"","meta":[],"_links":{"self":[{"href":"https:\/\/esperanto-jeunes.org\/fr\/wp-json\/wp\/v2\/pages\/123"}],"collection":[{"href":"https:\/\/esperanto-jeunes.org\/fr\/wp-json\/wp\/v2\/pages"}],"about":[{"href":"https:\/\/esperanto-jeunes.org\/fr\/wp-json\/wp\/v2\/types\/page"}],"author":[{"embeddable":true,"href":"https:\/\/esperanto-jeunes.org\/fr\/wp-json\/wp\/v2\/users\/1"}],"replies":[{"embeddable":true,"href":"https:\/\/esperanto-jeunes.org\/fr\/wp-json\/wp\/v2\/comments?post=123"}],"version-history":[{"count":6,"href":"https:\/\/esperanto-jeunes.org\/fr\/wp-json\/wp\/v2\/pages\/123\/revisions"}],"predecessor-version":[{"id":695,"href":"https:\/\/esperanto-jeunes.org\/fr\/wp-json\/wp\/v2\/pages\/123\/revisions\/695"}],"up":[{"embeddable":true,"href":"https:\/\/esperanto-jeunes.org\/fr\/wp-json\/wp\/v2\/pages\/26"}],"wp:attachment":[{"href":"https:\/\/esperanto-jeunes.org\/fr\/wp-json\/wp\/v2\/media?parent=123"}],"curies":[{"name":"wp","href":"https:\/\/api.w.org\/{rel}","templated":true}]}}