{"id":121,"date":"2017-03-07T04:24:49","date_gmt":"2017-03-07T03:24:49","guid":{"rendered":"http:\/\/nova.esperanto-jeunes.org\/?page_id=121"},"modified":"2024-01-23T22:19:17","modified_gmt":"2024-01-23T21:19:17","slug":"oftaj-demandoj","status":"publish","type":"page","link":"https:\/\/esperanto-jeunes.org\/fr\/esperanto\/oftaj-demandoj\/","title":{"rendered":"FAQ"},"content":{"rendered":"<p><\/p>\n<ul>\n<li>\n<h4><span style=\"color: #004e96;\"><em>&#8220;Comment l&#8217;esp\u00e9ranto peut-elle \u00eatre une langue si facile ?&#8221;<\/em><\/span><\/h4>\n<\/li>\n<\/ul>\n<p>Dit de mani\u00e8re compliqu\u00e9e : car elle se repose sur un syst\u00e8me de d\u00e9rivation et d&#8217;affixes qui permet d\u2019acc\u00e9l\u00e9rer son apprentissage et de ne pas multiplier les racines inutiles.<\/p>\n<p>Cela signifie, que au lieu d&#8217;avoir des mots comme <em>&#8220;beau&#8221;<\/em>, <em>&#8220;bel&#8221;<\/em>, <em>&#8220;belle&#8221;<\/em>, <em>&#8220;bellement&#8221;<\/em>, <em>&#8220;beaut\u00e9&#8221;<\/em> qui transmettent la m\u00eame id\u00e9e mais sous diff\u00e9rentes formes (adjectif\/adverbe\/nom), l&#8217;esp\u00e9ranto va partir d&#8217;une racine, comme <em>&#8220;bel&#8221;<\/em>, et lui rajouter \u00e0 la fin <em>&#8220;o&#8221;<\/em> pour un nom, <em>&#8220;a&#8221;<\/em> pour un adjectif, <em>&#8220;e&#8221;<\/em> pour un adverbe, et <em>&#8220;i&#8221;<\/em> pour un verbe \u00e0 l&#8217;infinitif. Dans notre exemple, cela donne : <em>belo = beaut\u00e9<\/em> (le concept de beaut\u00e9 ou la chose belle), <em>bela = beau\/bel\/belle<\/em>, <em>bele = bellement<\/em> (\u00e0 noter que ce mot n&#8217;existe pas en fran\u00e7ais), et <em>&#8220;beli&#8221;<\/em> signifierait <em>&#8220;\u00eatre beau&#8221;<\/em>. L&#8217;int\u00e9r\u00eat principal est d&#8217;avoir une seule racine pour une m\u00eame id\u00e9e, ce qui n&#8217;est pas toujours le cas en fran\u00e7ais. Par exemple, si <em>&#8220;help-o&#8221;<\/em> veut dire <em>&#8220;aide&#8221;<\/em>, l&#8217;adjectif <em>&#8220;helpa&#8221;<\/em> pour <em>&#8220;helpo&#8221;<\/em> (et donc, pour <em>&#8220;aide&#8221;<\/em>) est <em>auxiliaire<\/em>. En fran\u00e7ais, il faut apprendre les deux, et en esp\u00e9ranto, uniquement <em>&#8220;help&#8221;<\/em>.<\/p>\n<p>De plus, l\u2019esp\u00e9ranto poss\u00e8de un grand nombre de pr\u00e9fixes (des trucs qui se rajoutent au d\u00e9but d&#8217;un mot) et de suffixes (des trucs qui se rajoutent \u00e0 la fin d&#8217;un mot). Ainsi,<em> &#8220;-ec-&#8220;<\/em> est un suffixe qui permet d&#8217;exprimer le concept associ\u00e9 \u00e0 la racine, par exemple : <em>&#8220;beleco&#8221;<\/em> signifie &#8220;la beaut\u00e9&#8221; (au sens de concept), o\u00f9 encore <em>&#8220;verdeco&#8221;<\/em> signifie <em>&#8220;la verdeur&#8221;<\/em> (le concept de vert, puisque <em>&#8220;verda&#8221;<\/em> signifie <em>vert<\/em>). Ou encore &#8220;mal-&#8221; qui est un pr\u00e9fixe permettant d&#8217;obtenir le contraire d&#8217;un mot, par exemple : <em>malbela = moche<\/em> . Et il existe <strong>beaucoup <\/strong>de pr\u00e9fixes et de suffixes (une quarantaine en tout). Et \u00e7a permet, \u00e0 chaque fois qu&#8217;on apprend une racine, d&#8217;apprendre d&#8217;un coup plein d&#8217;autre mots (environ une vingtaine d&#8217;utiles). Pour plus d&#8217;informations, voici une <a href=\"https:\/\/ikurso.esperanto-france.org\/fr\/cge\/lec07.php\" target=\"_blank\" rel=\"noopener\">liste des pr\u00e9fixes<\/a> et une <a href=\"https:\/\/ikurso.esperanto-france.org\/fr\/cge\/lec07.php?section=2\" target=\"_blank\" rel=\"noopener\">liste des suffixes<\/a>.<\/p>\n<p>Et il y a pleins d&#8217;autres raisons pour lesquelles l\u2019esp\u00e9ranto est une langue facile, entre autres : sa prononciation est r\u00e9guli\u00e8re (une lettre = un son) et sa conjugaison est totalement r\u00e9guli\u00e8re.<\/p>\n<ul>\n<li>\n<h4><span style=\"color: #004e96;\"><em>&#8220;Combien de temps faut-il en moyenne pour apprendre l\u2019esp\u00e9ranto ?&#8221;<\/em><\/span><\/h4>\n<\/li>\n<\/ul>\n<p>Pour obtenir le niveau C1 (parler couramment, mais pas encore au niveau d&#8217;un natif), il faut g\u00e9n\u00e9ralement en moyenne entre 100 et 150 heures de travail, contre en moyenne 1500 heures pour l&#8217;anglais, et 2000 pour le fran\u00e7ais (ces nombres sont approximatifs).<\/p>\n<ul>\n<li>\n<h4><span style=\"color: #004e96;\"><em>&#8220;Combien y a-t-il de personnes qui parlent esp\u00e9ranto \u00e0 travers le monde ?&#8221;<\/em><\/span><\/h4>\n<\/li>\n<\/ul>\n<p>Le nombre exact est difficile \u00e0 estimer. En effet, d&#8217;une part la communaut\u00e9 esp\u00e9rantophone est dispers\u00e9e \u00e0 travers le monde, et d&#8217;autre part, il est difficile de se mettre d&#8217;accord sur ce que signifie &#8220;parler une langue&#8221;. Est-ce la parler couramment et souvent ? Est-ce conna\u00eetre les bases ? Est-ce capable de comprendre la langue ?<\/p>\n<p>Malgr\u00e9 ces difficult\u00e9s, le nombre d&#8217;esp\u00e9rantophones (personne qui parle esp\u00e9ranto) est au moins de l&#8217;ordre du million. Au moins 2 millions, voire jusqu&#8217;\u00e0 8 millions, selon la d\u00e9finition de &#8220;parler une langue&#8221; qu&#8217;on prend.<\/p>\n<ul>\n<li>\n<h4><span style=\"color: #004e96;\"><em>&#8220;Existe-t-il des personnes dont l\u2019esp\u00e9ranto est la langue maternelle ?&#8221;<\/em><\/span><\/h4>\n<\/li>\n<\/ul>\n<p>Oui. G\u00e9n\u00e9ralement, il s&#8217;agit d&#8217;enfants dont les parents se sont connus via l\u2019esp\u00e9ranto, et dont la langue maternelle n&#8217;est pas la m\u00eame (et dont la langue commune \u00e9tait donc l&#8217;esperanto).<\/p>\n<p>N\u00e9anmoins, leur nombre est assez faible (peut-\u00eatre un peu plus d&#8217;une centaine \u00e0 travers le monde, et cela ne fait qu&#8217;augmenter !).<\/p>\n<ul>\n<li>\n<h4><span style=\"color: #004e96;\"><em>&#8220;Est-ce que la litt\u00e9rature existe en esp\u00e9ranto ?&#8221;<\/em><\/span><\/h4>\n<\/li>\n<\/ul>\n<p>Absolument ! Les \u0153uvres sont d&#8217;ailleurs de deux types : celles originellement \u00e9crites en esp\u00e9ranto, et celles traduites, venant d&#8217;autres langues. Il est tout \u00e0 fait possible d&#8217;avoir plusieurs biblioth\u00e8ques remplies de livres en esp\u00e9ranto de tr\u00e8s bonne qualit\u00e9.<\/p>\n<ul>\n<li>\n<h4><span style=\"color: #004e96;\"><em>&#8220;Existe-t-il des insultes en esp\u00e9ranto ?&#8221;<\/em><\/span><\/h4>\n<\/li>\n<\/ul>\n<p>Tout \u00e0 fait ! Et le syst\u00e8me de pr\u00e9fixes et de suffixes d\u00e9crits rapidement plus haut permet d&#8217;en avoir des tr\u00e8s inventives !<\/p>\n<hr \/>\n<p>N&#8217;h\u00e9sitez pas \u00e0 \u00e9galement visiter la\u00a0<a href=\"https:\/\/esperanto-france.org\/foire-aux-questions\" target=\"_blank\" rel=\"noopener\">Foire aux question d&#8217;Esp\u00e9ranto-France<\/a>, qui est tr\u00e8s compl\u00e8te. Vous y trouverez 31 r\u00e9ponses \u00e0 des questions comme &#8220;Qu\u2019est-ce que l\u2019esp\u00e9ranto\u00a0? Quel est le but de l\u2019esp\u00e9ranto\u00a0? Comment dit-on [&#8230;] en esp\u00e9ranto\u00a0? \u00c7a ressemble \u00e0 quoi\u00a0? Combien de personnes parlent l\u2019esp\u00e9ranto dans le monde\u00a0?&#8221;, mais aussi comme &#8220;Pourquoi adopter l\u2019esp\u00e9ranto dans les relations internationales\u00a0?&#8221; ou encore &#8220;Est-ce qu\u2019une langue peut exister sans histoire\u00a0?&#8221;. Et si vous avez une question qui reste toujours sans r\u00e9ponse apr\u00e8s la consultation de ces ressources, n&#8217;h\u00e9sitez pas \u00e0 <a href=\"https:\/\/esperanto-jeunes.org\/fr\/kontakto\/\" target=\"_blank\" rel=\"noopener\">nous contacter<\/a>, nous essaierons d&#8217;y r\u00e9pondre !<\/p>","protected":false},"excerpt":{"rendered":"<p>&#8220;Comment l&#8217;esp\u00e9ranto peut-elle \u00eatre une langue si facile ?&#8221; Dit de mani\u00e8re compliqu\u00e9e : car elle se repose sur un syst\u00e8me de d\u00e9rivation et d&#8217;affixes qui permet d\u2019acc\u00e9l\u00e9rer son apprentissage et de ne pas multiplier les racines inutiles. Cela signifie,&#8230;<br \/><a class=\"read-more-button\" href=\"https:\/\/esperanto-jeunes.org\/fr\/esperanto\/oftaj-demandoj\/\">Savoir plus<\/a><\/p>\n","protected":false},"author":1,"featured_media":0,"parent":4,"menu_order":0,"comment_status":"closed","ping_status":"closed","template":"","meta":[],"_links":{"self":[{"href":"https:\/\/esperanto-jeunes.org\/fr\/wp-json\/wp\/v2\/pages\/121"}],"collection":[{"href":"https:\/\/esperanto-jeunes.org\/fr\/wp-json\/wp\/v2\/pages"}],"about":[{"href":"https:\/\/esperanto-jeunes.org\/fr\/wp-json\/wp\/v2\/types\/page"}],"author":[{"embeddable":true,"href":"https:\/\/esperanto-jeunes.org\/fr\/wp-json\/wp\/v2\/users\/1"}],"replies":[{"embeddable":true,"href":"https:\/\/esperanto-jeunes.org\/fr\/wp-json\/wp\/v2\/comments?post=121"}],"version-history":[{"count":16,"href":"https:\/\/esperanto-jeunes.org\/fr\/wp-json\/wp\/v2\/pages\/121\/revisions"}],"predecessor-version":[{"id":691,"href":"https:\/\/esperanto-jeunes.org\/fr\/wp-json\/wp\/v2\/pages\/121\/revisions\/691"}],"up":[{"embeddable":true,"href":"https:\/\/esperanto-jeunes.org\/fr\/wp-json\/wp\/v2\/pages\/4"}],"wp:attachment":[{"href":"https:\/\/esperanto-jeunes.org\/fr\/wp-json\/wp\/v2\/media?parent=121"}],"curies":[{"name":"wp","href":"https:\/\/api.w.org\/{rel}","templated":true}]}}