{"id":118,"date":"2017-03-07T00:46:00","date_gmt":"2017-03-06T23:46:00","guid":{"rendered":"http:\/\/nova.esperanto-jeunes.org\/?page_id=118"},"modified":"2022-10-07T09:42:38","modified_gmt":"2022-10-07T08:42:38","slug":"lerni","status":"publish","type":"page","link":"https:\/\/esperanto-jeunes.org\/fr\/esperanto\/lerni\/","title":{"rendered":"Apprendre"},"content":{"rendered":"<p>Pour apprendre l&#8217;esp\u00e9ranto, il y a plusieurs possibilit\u00e9s.<\/p>\n<p>D&#8217;une part, les cours sur internet. Il y en a une palanqu\u00e9e. Voici quelques liens :<\/p>\n<ul>\n<li><a href=\"https:\/\/ikurso.esperanto-france.org\" target=\"_blank\" rel=\"noopener\">iKurso<\/a> : un cours sur internet g\u00e9r\u00e9 par Esp\u00e9ranto-France.<\/li>\n<li><a href=\"https:\/\/lernu.net\" target=\"_blank\" rel=\"noopener\">lernu!<\/a>, un site plurilingue pour en apprendre plus sur l&#8217;esp\u00e9ranto et pour l\u2019apprendre facilement et gratuitement<\/li>\n<li><a href=\"https:\/\/esperanto12.net\/fr\/\" target=\"_blank\" rel=\"noopener\">L&#8217;esp\u00e9ranto en 12 le\u00e7ons<\/a>\u00a0propose un cours pour apprendre les bases de la langue<\/li>\n<li><a href=\"https:\/\/www.duolingo.com\/course\/eo\/en\/apprends-esp%C3%A9ranto\" target=\"_blank\" rel=\"noopener\">Duolingo<\/a> propose un cours d&#8217;esp\u00e9ranto en fran\u00e7ais<\/li>\n<li><a href=\"https:\/\/languagedrops.com\/language\/learn-esperanto\" target=\"_blank\" rel=\"noopener\">Drops<\/a>, pour enrichir son vocabulaire de fa\u00e7on ludique<\/li>\n<\/ul>\n<p>Et pour des informations g\u00e9n\u00e9rales sur l&#8217;esp\u00e9ranto, la <a href=\"https:\/\/fr.wikipedia.org\/wiki\/Esp%C3%A9ranto\">page wikipedia<\/a> est tr\u00e8s bien faite.<\/p>\n<p>D&#8217;autre part, il existe des cours en pr\u00e9sentiel. Par exemple sur Paris :<\/p>\n<ul>\n<li>Des cours donn\u00e9s b\u00e9n\u00e9volement par des membres d&#8217;Esp\u00e9ranto-France<\/li>\n<li>Deux cours officiels donn\u00e9s \u00e0 l&#8217;ENS Ulm (un pour les d\u00e9butants et un de litt\u00e9rature, qui valent chacun 6 ECTS), initialement pour les \u00e9l\u00e8ves de l&#8217;ENS Ulm, mais que des personnes ext\u00e9rieures \u00e0 l&#8217;\u00e9cole peuvent demander de suivre<\/li>\n<li>Tous les vendredis de 20h \u00e0 minuit dans une ambiance conviviale, au Denfert Caf\u00e9 (https:\/\/esperanto-jeunes.org\/fr\/eventoj\/)<\/li>\n<\/ul>\n<p>Il existe aussi des cours donn\u00e9s dans de nombreuses villes, et dans quelques lyc\u00e9es. Vous pouvez les trouver en contactant une association locale pr\u00e8s de chez vous.\u00a0Quoiqu&#8217;il arrive, n&#8217;h\u00e9sitez pas \u00e0 nous envoyer un message si vous d\u00e9sirez de plus amples informations.<\/p>","protected":false},"excerpt":{"rendered":"<p>Pour apprendre l&#8217;esp\u00e9ranto, il y a plusieurs possibilit\u00e9s. D&#8217;une part, les cours sur internet. Il y en a une palanqu\u00e9e. Voici quelques liens : iKurso : un cours sur internet g\u00e9r\u00e9 par Esp\u00e9ranto-France. lernu!, un site plurilingue pour en apprendre&#8230;<br \/><a class=\"read-more-button\" href=\"https:\/\/esperanto-jeunes.org\/fr\/esperanto\/lerni\/\">Savoir plus<\/a><\/p>\n","protected":false},"author":1,"featured_media":491,"parent":4,"menu_order":0,"comment_status":"closed","ping_status":"closed","template":"","meta":[],"_links":{"self":[{"href":"https:\/\/esperanto-jeunes.org\/fr\/wp-json\/wp\/v2\/pages\/118"}],"collection":[{"href":"https:\/\/esperanto-jeunes.org\/fr\/wp-json\/wp\/v2\/pages"}],"about":[{"href":"https:\/\/esperanto-jeunes.org\/fr\/wp-json\/wp\/v2\/types\/page"}],"author":[{"embeddable":true,"href":"https:\/\/esperanto-jeunes.org\/fr\/wp-json\/wp\/v2\/users\/1"}],"replies":[{"embeddable":true,"href":"https:\/\/esperanto-jeunes.org\/fr\/wp-json\/wp\/v2\/comments?post=118"}],"version-history":[{"count":15,"href":"https:\/\/esperanto-jeunes.org\/fr\/wp-json\/wp\/v2\/pages\/118\/revisions"}],"predecessor-version":[{"id":526,"href":"https:\/\/esperanto-jeunes.org\/fr\/wp-json\/wp\/v2\/pages\/118\/revisions\/526"}],"up":[{"embeddable":true,"href":"https:\/\/esperanto-jeunes.org\/fr\/wp-json\/wp\/v2\/pages\/4"}],"wp:featuredmedia":[{"embeddable":true,"href":"https:\/\/esperanto-jeunes.org\/fr\/wp-json\/wp\/v2\/media\/491"}],"wp:attachment":[{"href":"https:\/\/esperanto-jeunes.org\/fr\/wp-json\/wp\/v2\/media?parent=118"}],"curies":[{"name":"wp","href":"https:\/\/api.w.org\/{rel}","templated":true}]}}